{"id":6,"date":"2021-10-04T10:24:22","date_gmt":"2021-10-04T10:24:22","guid":{"rendered":"https:\/\/kcl.fr\/?page_id=6"},"modified":"2022-05-13T07:34:33","modified_gmt":"2022-05-13T07:34:33","slug":"a-propos-de","status":"publish","type":"page","link":"https:\/\/kcl.fr\/index.php\/a-propos-de\/","title":{"rendered":"A propos"},"content":{"rendered":"\r\n<p>Bienvenue sur kcl.fr ! Le Karat\u00e9 club en ligne ne va pas se limiter au karat\u00e9, loin de l\u00e0 &#8230; mais le nom de domaine \u00e9tait disponible alors c&rsquo;\u00e9tait l&rsquo;occasion \ud83d\ude42 ! Je suis St\u00e9ph, C.N. 2\u00e8 dan en Karat\u00e9 D\u00e9fense Training et ce site va tenter de rassembler les infos sur les stages propos\u00e9s en France et m\u00eame ailleurs, en arts martiaux et sports de combat.<\/p>\r\n\r\n\r\n\r\n<p>Avec ma petite \u00e9quipe, on va essayer de donner des infos objectives pour progresser en sports de combat, que ce soit en self d\u00e9fense ou en sportif, sans prise de partie&#8230; du ta\u00efchi \u00e0 Fred Mastro, en passant par le Karat\u00e9, le MMA, le Muay Tha\u00ef, tout sera abord\u00e9, tous les stages int\u00e9ressants seront r\u00e9pertori\u00e9s.<\/p>\r\n\r\n\r\n\r\n<p>Nous comptons sur vous pour \u00eatre pr\u00e9emptifs et nous proposer les lieux et dates de stage que nous n&rsquo;avons pu trouver par nous m\u00eames.<\/p>\r\n\r\n\r\n\r\n<p>Si vous participez \u00e0 un de ces stages d&rsquo;expert, n&rsquo;h\u00e9sitez pas \u00e0 commenter l&rsquo;article qui annnonce le stage pour donner votre ressenti \u00e0 la communaut\u00e9 !<\/p>\r\n<p><strong>Nom du site<\/strong> : Karat\u00e9 Club en Ligne<\/p>\r\n<p><strong>Adresse URL<\/strong> : https:\/\/kcl.fr<\/p>\r\n<p><strong>Editeur<\/strong> <strong>\/ H\u00e9bergeur du domaine<\/strong>: Ce site est \u00e9dit\u00e9 par <a href=\"https:\/\/www.stensys.com\">Stensys SARL<\/a>, 16 rue Mirabel, Miserey Besan\u00e7on, qui poss\u00e8de le nom de domaine pour des raisons techniques mais l&rsquo;exploitation est faite \u00e0 titre priv\u00e9 \u00e0 des fins de loisir. Merci \u00e0 <a href=\"https:\/\/www.tampon-encreur.biz\">Tampon-encreur.biz<\/a> pour les fournitures de bureau essentielles \u00e0 la partie administrative de la gestion.<\/p>\r\n<p><strong>Directeur de publication<\/strong> : Steph Stageman, qui g\u00e8re les publications sur ce site \u00e0 titre priv\u00e9 pour son compte propre.<\/p>\r\n<p><strong>RGPD<\/strong> : Contact RGPD : Stensys. Aucun cookie hormis les besoins techniques li\u00e9s \u00e0 WordPress n\u2019est activ\u00e9 sur ce site. Aucun tra\u00e7age des visiteurs n\u2019est op\u00e9r\u00e9, \u00e0 part un comptage global quotidien.<\/p>\r\n<p><strong>Commentaires<\/strong> : Nous nous r\u00e9servons le droit de mod\u00e9rer tous les commentaires et d\u2019en alt\u00e9rer les contenus.<\/p>\r\n","protected":false},"excerpt":{"rendered":"<p>Bienvenue sur kcl.fr ! Le Karat\u00e9 club en ligne ne va pas se limiter au karat\u00e9, loin de l\u00e0 &#8230; mais le nom de domaine \u00e9tait disponible alors c&rsquo;\u00e9tait l&rsquo;occasion \ud83d\ude42 ! Je suis St\u00e9ph, C.N. 2\u00e8 dan en Karat\u00e9 D\u00e9fense Training et ce site va tenter de rassembler les infos sur les stages propos\u00e9s &#8230; <a title=\"A propos\" class=\"read-more\" href=\"https:\/\/kcl.fr\/index.php\/a-propos-de\/\">Read more<span class=\"screen-reader-text\">A propos<\/span><\/a><\/p>\n","protected":false},"author":1,"featured_media":0,"parent":0,"menu_order":0,"comment_status":"closed","ping_status":"closed","template":"","meta":{"footnotes":""},"class_list":["post-6","page","type-page","status-publish"],"_links":{"self":[{"href":"https:\/\/kcl.fr\/index.php\/wp-json\/wp\/v2\/pages\/6","targetHints":{"allow":["GET"]}}],"collection":[{"href":"https:\/\/kcl.fr\/index.php\/wp-json\/wp\/v2\/pages"}],"about":[{"href":"https:\/\/kcl.fr\/index.php\/wp-json\/wp\/v2\/types\/page"}],"author":[{"embeddable":true,"href":"https:\/\/kcl.fr\/index.php\/wp-json\/wp\/v2\/users\/1"}],"replies":[{"embeddable":true,"href":"https:\/\/kcl.fr\/index.php\/wp-json\/wp\/v2\/comments?post=6"}],"version-history":[{"count":9,"href":"https:\/\/kcl.fr\/index.php\/wp-json\/wp\/v2\/pages\/6\/revisions"}],"predecessor-version":[{"id":106,"href":"https:\/\/kcl.fr\/index.php\/wp-json\/wp\/v2\/pages\/6\/revisions\/106"}],"wp:attachment":[{"href":"https:\/\/kcl.fr\/index.php\/wp-json\/wp\/v2\/media?parent=6"}],"curies":[{"name":"wp","href":"https:\/\/api.w.org\/{rel}","templated":true}]}}